{"id":8858,"date":"2018-02-05T17:08:23","date_gmt":"2018-02-05T16:08:23","guid":{"rendered":"http:\/\/www.courantdair.be\/wp\/?page_id=8858"},"modified":"2025-11-26T11:50:34","modified_gmt":"2025-11-26T10:50:34","slug":"production-denergie","status":"publish","type":"page","link":"https:\/\/www.courantdair.be\/wp\/activites\/production-denergie\/","title":{"rendered":"Production d&#8217;\u00e9nergie"},"content":{"rendered":"<div class=\"wpb-content-wrapper\"><p>[vc_row equal_height=&#8221;yes&#8221; content_placement=&#8221;middle&#8221; type=&#8221;vc_default&#8221; margin_top=&#8221;10&#8243; margin_bottom=&#8221;25&#8243; css=&#8221;.vc_custom_1490526340467{padding-top: 70px !important;padding-bottom: 20px !important;}&#8221;][vc_column width=&#8221;2\/3&#8243; css=&#8221;.vc_custom_1498750429084{padding-bottom: 50px !important;}&#8221; offset=&#8221;vc_col-lg-offset-0 vc_col-lg-6 vc_col-md-offset-0 vc_col-md-6 vc_col-sm-offset-2 vc_col-xs-12&#8243;]<style type=\"text\/css\" data-type=\"the7_shortcodes-inline-css\">.shortcode-single-image-wrap.shortcode-single-image-609b46dc0f246a81b557d3cb21be08a7.enable-bg-rollover .rollover i,\n.shortcode-single-image-wrap.shortcode-single-image-609b46dc0f246a81b557d3cb21be08a7.enable-bg-rollover .rollover-video i {\n  background: -webkit-linear-gradient();\n  background: linear-gradient();\n}\n.shortcode-single-image-wrap.shortcode-single-image-609b46dc0f246a81b557d3cb21be08a7 .rollover-icon {\n  font-size: 32px;\n  color: #ffffff;\n  min-width: 44px;\n  min-height: 44px;\n  line-height: 44px;\n  border-radius: 100px;\n  border-style: solid;\n  border-width: 0px;\n}\n.dt-icon-bg-on.shortcode-single-image-wrap.shortcode-single-image-609b46dc0f246a81b557d3cb21be08a7 .rollover-icon {\n  background: rgba(255,255,255,0.3);\n  box-shadow: none;\n}<\/style><div class=\"shortcode-single-image-wrap shortcode-single-image-609b46dc0f246a81b557d3cb21be08a7 alignnone  enable-bg-rollover dt-icon-bg-off\" style=\"margin-top:0px; margin-bottom:0px; margin-left:0px; margin-right:0px; width:800px;\"><div class=\"shortcode-single-image\"><div class=\"fancy-media-wrap  layzr-bg\" style=\"\"><img fetchpriority=\"high\" decoding=\"async\" class=\"preload-me lazy-load aspect\" src=\"data:image\/svg+xml,%3Csvg%20xmlns%3D&#39;http%3A%2F%2Fwww.w3.org%2F2000%2Fsvg&#39;%20viewBox%3D&#39;0%200%20500%20500&#39;%2F%3E\" data-src=\"https:\/\/www.courantdair.be\/wp\/wp-content\/uploads\/2017\/12\/Wind-Rotoren-500x500.png\" data-srcset=\"https:\/\/www.courantdair.be\/wp\/wp-content\/uploads\/2017\/12\/Wind-Rotoren-500x500.png 500w\" loading=\"eager\" sizes=\"(max-width: 500px) 100vw, 500px\" width=\"500\" height=\"500\"  data-dt-location=\"https:\/\/www.courantdair.be\/wp\/de\/aktivitaeten\/energieproduktion\/wind-rotoren\/\" style=\"--ratio: 500 \/ 500;\" alt=\"\" \/><\/div><\/div><\/div>[\/vc_column][vc_column width=&#8221;2\/3&#8243; css=&#8221;.vc_custom_1498750488327{padding-bottom: 50px !important;}&#8221; offset=&#8221;vc_col-lg-offset-0 vc_col-lg-6 vc_col-md-offset-0 vc_col-md-6 vc_col-sm-offset-2 vc_col-xs-12&#8243;]<div id=\"ultimate-heading-515969d79855e15ce\" class=\"uvc-heading ult-adjust-bottom-margin ultimate-heading-515969d79855e15ce uvc-6729 color-title accent-title-color\" data-hspacer=\"no_spacer\"  data-halign=\"left\" style=\"text-align:left\"><div class=\"uvc-heading-spacer no_spacer\" style=\"top\"><\/div><div class=\"uvc-main-heading ult-responsive\"  data-ultimate-target='.uvc-heading.ultimate-heading-515969d79855e15ce h2'  data-responsive-json-new='{\"font-size\":\"desktop:20px;\",\"line-height\":\"desktop:26px;\"}' ><h2 style=\"font-weight:bold;margin-bottom:5px;\">Parc \u00e9olien<\/h2><\/div><div class=\"uvc-sub-heading ult-responsive\"  data-ultimate-target='.uvc-heading.ultimate-heading-515969d79855e15ce .uvc-sub-heading '  data-responsive-json-new='{\"font-size\":\"desktop:34px;\",\"line-height\":\"desktop:40px;\"}'  style=\"font-family:&#039;Open Sans Condensed&#039;;font-weight:700;margin-bottom:20px;\">WAIMES<\/div><\/div>[vc_column_text css=&#8221;.vc_custom_1517846397081{padding-bottom: 20px !important;}&#8221;]Sur les hauteurs de \u201eCh\u00eevremont\u201c au sud-ouest du village Waimes se trouvent 5 \u00e9oliennes avec une capacit\u00e9 de 2.3 MW chacune. Le parc \u00e9olien couvre une consommation de 6.500 m\u00e9nages et \u00e9conomise l\u2019\u00e9quivalent de 8.900 tonnes de CO2\/ann\u00e9e. 2 \u00e9oliennes appartiennent \u00e0 Courant d\u2019Air. La coop\u00e9rative flamande Ecopower poss\u00e8de \u00e9galement 1 \u00e9olienne du parc.[\/vc_column_text]<div class=\"standard-arrow bullet-top\"><ul style=\"list-style-type: circle;\">\n<li>2 \u00e9oliennes 2,3 MW<\/li>\n<li>9.000 MWh\/Ann\u00e9e<\/li>\n<li>Electricit\u00e9 pour environ 2600 m\u00e9nages<\/li>\n<\/ul>\n<\/div><style type=\"text\/css\" data-type=\"the7_shortcodes-inline-css\">#default-btn-0a2c1d6cd5c770b82cf9fd4b03829da1.ico-right-side > i {\n  margin-right: 0px;\n  margin-left: 8px;\n}\n#default-btn-0a2c1d6cd5c770b82cf9fd4b03829da1 > i {\n  margin-right: 8px;\n}<\/style><a href=\"http:\/\/www.courantdair.be\/wp\/project\/parceolien-waimes\/\" class=\"default-btn-shortcode dt-btn dt-btn-m link-hover-off btn-inline-left  vc_custom_1517996101258\" id=\"default-btn-0a2c1d6cd5c770b82cf9fd4b03829da1\"><span>Lire<\/span><\/a>[\/vc_column][\/vc_row][vc_row equal_height=&#8221;yes&#8221; content_placement=&#8221;middle&#8221; bg_type=&#8221;bg_color&#8221; bg_override=&#8221;ex-full&#8221; type=&#8221;vc_default&#8221; margin_top=&#8221;10&#8243; margin_bottom=&#8221;25&#8243; css=&#8221;.vc_custom_1498753023892{padding-top: 70px !important;padding-bottom: 20px !important;}&#8221; bg_color_value=&#8221;#f5f5f5&#8243;][vc_column width=&#8221;2\/3&#8243; css=&#8221;.vc_custom_1498750429084{padding-bottom: 50px !important;}&#8221; offset=&#8221;vc_col-lg-offset-0 vc_col-lg-6 vc_col-md-offset-0 vc_col-md-6 vc_col-sm-offset-2 vc_col-xs-12&#8243;]<style type=\"text\/css\" data-type=\"the7_shortcodes-inline-css\">.shortcode-single-image-wrap.shortcode-single-image-16a273aed191418fc44016af52882777.enable-bg-rollover .rollover i,\n.shortcode-single-image-wrap.shortcode-single-image-16a273aed191418fc44016af52882777.enable-bg-rollover .rollover-video i {\n  background: -webkit-linear-gradient();\n  background: linear-gradient();\n}\n.shortcode-single-image-wrap.shortcode-single-image-16a273aed191418fc44016af52882777 .rollover-icon {\n  font-size: 32px;\n  color: #ffffff;\n  min-width: 44px;\n  min-height: 44px;\n  line-height: 44px;\n  border-radius: 100px;\n  border-style: solid;\n  border-width: 0px;\n}\n.dt-icon-bg-on.shortcode-single-image-wrap.shortcode-single-image-16a273aed191418fc44016af52882777 .rollover-icon {\n  background: rgba(255,255,255,0.3);\n  box-shadow: none;\n}<\/style><div class=\"shortcode-single-image-wrap shortcode-single-image-16a273aed191418fc44016af52882777 alignnone  enable-bg-rollover dt-icon-bg-off\" style=\"margin-top:0px; margin-bottom:0px; margin-left:0px; margin-right:0px; width:800px;\"><div class=\"shortcode-single-image\"><div class=\"fancy-media-wrap  layzr-bg\" style=\"\"><img decoding=\"async\" class=\"preload-me lazy-load aspect\" src=\"data:image\/svg+xml,%3Csvg%20xmlns%3D&#39;http%3A%2F%2Fwww.w3.org%2F2000%2Fsvg&#39;%20viewBox%3D&#39;0%200%20760%20760&#39;%2F%3E\" data-src=\"https:\/\/www.courantdair.be\/wp\/wp-content\/uploads\/2017\/12\/Windpark-Walhain-Web-760x760.jpg\" data-srcset=\"https:\/\/www.courantdair.be\/wp\/wp-content\/uploads\/2017\/12\/Windpark-Walhain-Web-760x760.jpg 760w\" loading=\"eager\" sizes=\"(max-width: 760px) 100vw, 760px\" width=\"760\" height=\"760\"  data-dt-location=\"https:\/\/www.courantdair.be\/wp\/de\/aktivitaeten\/energieproduktion\/windpark-walhain-web\/\" style=\"--ratio: 760 \/ 760;\" alt=\"\" \/><\/div><\/div><\/div>[\/vc_column][vc_column width=&#8221;2\/3&#8243; css=&#8221;.vc_custom_1498750488327{padding-bottom: 50px !important;}&#8221; offset=&#8221;vc_col-lg-offset-0 vc_col-lg-6 vc_col-md-offset-0 vc_col-md-6 vc_col-sm-offset-2 vc_col-xs-12&#8243;]<div id=\"ultimate-heading-18069d79855e1f01\" class=\"uvc-heading ult-adjust-bottom-margin ultimate-heading-18069d79855e1f01 uvc-8400 color-title accent-title-color\" data-hspacer=\"no_spacer\"  data-halign=\"left\" style=\"text-align:left\"><div class=\"uvc-heading-spacer no_spacer\" style=\"top\"><\/div><div class=\"uvc-main-heading ult-responsive\"  data-ultimate-target='.uvc-heading.ultimate-heading-18069d79855e1f01 h2'  data-responsive-json-new='{\"font-size\":\"desktop:20px;\",\"line-height\":\"desktop:26px;\"}' ><h2 style=\"font-weight:bold;margin-bottom:5px;\">Parc \u00e9olien<\/h2><\/div><div class=\"uvc-sub-heading ult-responsive\"  data-ultimate-target='.uvc-heading.ultimate-heading-18069d79855e1f01 .uvc-sub-heading '  data-responsive-json-new='{\"font-size\":\"desktop:34px;\",\"line-height\":\"desktop:40px;\"}'  style=\"font-family:&#039;Open Sans Condensed&#039;;font-weight:700;margin-bottom:20px;\">WALHAIN<\/div><\/div>[vc_column_text css=&#8221;.vc_custom_1517846488862{padding-bottom: 20px !important;}&#8221;]Il s\u2019agit d\u2019un parc de 6 \u00e9oliennes proche de Walhain, dont la production attendue sera proche de celle de Waimes. Le parc est op\u00e9rationnel depuis d\u00e9but 2017. Courant d\u2019Air fait partie du projet par une participation de 44,86% dans les parts de la soci\u00e9t\u00e9 d\u2019exploitation \u201eAtout-Wal\u201c qui elle-m\u00eame poss\u00e8de 2 des 6 \u00e9oliennes du parc \u00e9olien.[\/vc_column_text]<div class=\"standard-arrow bullet-top\"><ul>\n<li>44,86% de 2 \u00e9oliennes<\/li>\n<li>Electricit\u00e9 pour 1.300 m\u00e9nages<\/li>\n<\/ul>\n<\/div><style type=\"text\/css\" data-type=\"the7_shortcodes-inline-css\">#default-btn-22320661408e0c6a7927cf6b7f2d094d.ico-right-side > i {\n  margin-right: 0px;\n  margin-left: 8px;\n}\n#default-btn-22320661408e0c6a7927cf6b7f2d094d > i {\n  margin-right: 8px;\n}<\/style><a href=\"http:\/\/www.courantdair.be\/wp\/project\/parc-eolien-walhain\/\" class=\"default-btn-shortcode dt-btn dt-btn-m link-hover-off btn-inline-left  vc_custom_1517996114703\" id=\"default-btn-22320661408e0c6a7927cf6b7f2d094d\"><span>Lire<\/span><\/a>[\/vc_column][\/vc_row][vc_row equal_height=&#8221;yes&#8221; content_placement=&#8221;middle&#8221; type=&#8221;vc_default&#8221; margin_top=&#8221;10&#8243; margin_bottom=&#8221;25&#8243; css=&#8221;.vc_custom_1490526340467{padding-top: 70px !important;padding-bottom: 20px !important;}&#8221;][vc_column width=&#8221;2\/3&#8243; css=&#8221;.vc_custom_1498750429084{padding-bottom: 50px !important;}&#8221; offset=&#8221;vc_col-lg-offset-0 vc_col-lg-6 vc_col-md-offset-0 vc_col-md-6 vc_col-sm-offset-2 vc_col-xs-12&#8243;]<style type=\"text\/css\" data-type=\"the7_shortcodes-inline-css\">.shortcode-single-image-wrap.shortcode-single-image-1d4f7b1051b520befdb6a51ed076451c.enable-bg-rollover .rollover i,\n.shortcode-single-image-wrap.shortcode-single-image-1d4f7b1051b520befdb6a51ed076451c.enable-bg-rollover .rollover-video i {\n  background: -webkit-linear-gradient();\n  background: linear-gradient();\n}\n.shortcode-single-image-wrap.shortcode-single-image-1d4f7b1051b520befdb6a51ed076451c .rollover-icon {\n  font-size: 32px;\n  color: #ffffff;\n  min-width: 44px;\n  min-height: 44px;\n  line-height: 44px;\n  border-radius: 100px;\n  border-style: solid;\n  border-width: 0px;\n}\n.dt-icon-bg-on.shortcode-single-image-wrap.shortcode-single-image-1d4f7b1051b520befdb6a51ed076451c .rollover-icon {\n  background: rgba(255,255,255,0.3);\n  box-shadow: none;\n}<\/style><div class=\"shortcode-single-image-wrap shortcode-single-image-1d4f7b1051b520befdb6a51ed076451c alignnone  enable-bg-rollover dt-icon-bg-off\" style=\"margin-top:0px; margin-bottom:0px; margin-left:0px; margin-right:0px; width:800px;\"><div class=\"shortcode-single-image\"><div class=\"fancy-media-wrap  layzr-bg\" style=\"\"><img decoding=\"async\" class=\"preload-me lazy-load aspect\" src=\"data:image\/svg+xml,%3Csvg%20xmlns%3D&#39;http%3A%2F%2Fwww.w3.org%2F2000%2Fsvg&#39;%20viewBox%3D&#39;0%200%20800%20800&#39;%2F%3E\" data-src=\"https:\/\/www.courantdair.be\/wp\/wp-content\/uploads\/2017\/12\/Chagny1-800x800.jpg\" data-srcset=\"https:\/\/www.courantdair.be\/wp\/wp-content\/uploads\/2017\/12\/Chagny1-800x800.jpg 800w, https:\/\/www.courantdair.be\/wp\/wp-content\/uploads\/2017\/12\/Chagny1-1600x1600.jpg 1600w\" loading=\"eager\" sizes=\"(max-width: 800px) 100vw, 800px\" width=\"800\" height=\"800\"  data-dt-location=\"https:\/\/www.courantdair.be\/wp\/de\/aktivitaeten\/energieproduktion\/chagny1\/\" style=\"--ratio: 800 \/ 800;\" alt=\"\" \/><\/div><\/div><\/div>[\/vc_column][vc_column width=&#8221;2\/3&#8243; css=&#8221;.vc_custom_1498750488327{padding-bottom: 50px !important;}&#8221; offset=&#8221;vc_col-lg-offset-0 vc_col-lg-6 vc_col-md-offset-0 vc_col-md-6 vc_col-sm-offset-2 vc_col-xs-12&#8243;]<div id=\"ultimate-heading-57269d79855e27e9\" class=\"uvc-heading ult-adjust-bottom-margin ultimate-heading-57269d79855e27e9 uvc-2194 color-title accent-title-color\" data-hspacer=\"no_spacer\"  data-halign=\"left\" style=\"text-align:left\"><div class=\"uvc-heading-spacer no_spacer\" style=\"top\"><\/div><div class=\"uvc-main-heading ult-responsive\"  data-ultimate-target='.uvc-heading.ultimate-heading-57269d79855e27e9 h2'  data-responsive-json-new='{\"font-size\":\"desktop:20px;\",\"line-height\":\"desktop:26px;\"}' ><h2 style=\"font-weight:bold;margin-bottom:5px;\">Parc \u00e9olien<\/h2><\/div><div class=\"uvc-sub-heading ult-responsive\"  data-ultimate-target='.uvc-heading.ultimate-heading-57269d79855e27e9 .uvc-sub-heading '  data-responsive-json-new='{\"font-size\":\"desktop:34px;\",\"line-height\":\"desktop:40px;\"}'  style=\"font-family:&#039;Open Sans Condensed&#039;;font-weight:700;margin-bottom:20px;\">CHAGNY &#8220;AILES DES CR\u00caTES&#8221;<\/div><\/div>[vc_column_text css=&#8221;.vc_custom_1517846544635{padding-bottom: 25px !important;}&#8221;]Courant d\u2019Air a accept\u00e9 une participation modeste au parc \u00e9olien citoyen en France. Le parc \u00ab\u00a0Ailes des Cr\u00eates\u00a0\u00ab\u00a0 (environ 30km de la fronti\u00e8re franco-belge) englobe 3 \u00e9oliennes d\u2019une puissance de 800kW chacune.[\/vc_column_text]<style type=\"text\/css\" data-type=\"the7_shortcodes-inline-css\">#default-btn-c5256b3c62957b3c904e0d3acff67d69.ico-right-side > i {\n  margin-right: 0px;\n  margin-left: 8px;\n}\n#default-btn-c5256b3c62957b3c904e0d3acff67d69 > i {\n  margin-right: 8px;\n}<\/style><a href=\"https:\/\/www.courantdair.be\/wp\/project\/parc-eolien-chagny\/\" class=\"default-btn-shortcode dt-btn dt-btn-m link-hover-off btn-inline-left \" id=\"default-btn-c5256b3c62957b3c904e0d3acff67d69\" title=\"Parc \u00e9olien Chagny\"><span>Lire<\/span><\/a>[\/vc_column][\/vc_row][vc_row equal_height=&#8221;yes&#8221; content_placement=&#8221;middle&#8221; bg_type=&#8221;bg_color&#8221; bg_override=&#8221;ex-full&#8221; type=&#8221;vc_default&#8221; margin_top=&#8221;10&#8243; margin_bottom=&#8221;25&#8243; css=&#8221;.vc_custom_1498753023892{padding-top: 70px !important;padding-bottom: 20px !important;}&#8221; bg_color_value=&#8221;#f5f5f5&#8243;][vc_column width=&#8221;2\/3&#8243; css=&#8221;.vc_custom_1498750429084{padding-bottom: 50px !important;}&#8221; offset=&#8221;vc_col-lg-offset-0 vc_col-lg-6 vc_col-md-offset-0 vc_col-md-6 vc_col-sm-offset-2 vc_col-xs-12&#8243;]<style type=\"text\/css\" data-type=\"the7_shortcodes-inline-css\">.shortcode-single-image-wrap.shortcode-single-image-ddebe2a2ac4224154fe34254a7b7f913.enable-bg-rollover .rollover i,\n.shortcode-single-image-wrap.shortcode-single-image-ddebe2a2ac4224154fe34254a7b7f913.enable-bg-rollover .rollover-video i {\n  background: -webkit-linear-gradient();\n  background: linear-gradient();\n}\n.shortcode-single-image-wrap.shortcode-single-image-ddebe2a2ac4224154fe34254a7b7f913 .rollover-icon {\n  font-size: 32px;\n  color: #ffffff;\n  min-width: 44px;\n  min-height: 44px;\n  line-height: 44px;\n  border-radius: 100px;\n  border-style: solid;\n  border-width: 0px;\n}\n.dt-icon-bg-on.shortcode-single-image-wrap.shortcode-single-image-ddebe2a2ac4224154fe34254a7b7f913 .rollover-icon {\n  background: rgba(255,255,255,0.3);\n  box-shadow: none;\n}<\/style><div class=\"shortcode-single-image-wrap shortcode-single-image-ddebe2a2ac4224154fe34254a7b7f913 alignnone  enable-bg-rollover dt-icon-bg-off\" style=\"margin-top:0px; margin-bottom:0px; margin-left:0px; margin-right:0px; width:800px;\"><div class=\"shortcode-single-image\"><div class=\"fancy-media-wrap  layzr-bg\" style=\"\"><img decoding=\"async\" class=\"preload-me lazy-load aspect\" src=\"data:image\/svg+xml,%3Csvg%20xmlns%3D&#39;http%3A%2F%2Fwww.w3.org%2F2000%2Fsvg&#39;%20viewBox%3D&#39;0%200%20667%20667&#39;%2F%3E\" data-src=\"https:\/\/www.courantdair.be\/wp\/wp-content\/uploads\/2017\/12\/Semaines-ER-2-667x667.jpg\" data-srcset=\"https:\/\/www.courantdair.be\/wp\/wp-content\/uploads\/2017\/12\/Semaines-ER-2-667x667.jpg 667w\" loading=\"eager\" sizes=\"(max-width: 667px) 100vw, 667px\" width=\"667\" height=\"667\"  data-dt-location=\"https:\/\/www.courantdair.be\/wp\/de\/aktivitaeten\/energieproduktion\/semaines-er-2\/\" style=\"--ratio: 667 \/ 667;\" alt=\"\" \/><\/div><\/div><\/div>[\/vc_column][vc_column width=&#8221;2\/3&#8243; css=&#8221;.vc_custom_1498750488327{padding-bottom: 50px !important;}&#8221; offset=&#8221;vc_col-lg-offset-0 vc_col-lg-6 vc_col-md-offset-0 vc_col-md-6 vc_col-sm-offset-2 vc_col-xs-12&#8243;]<div id=\"ultimate-heading-96469d79855e303a\" class=\"uvc-heading ult-adjust-bottom-margin ultimate-heading-96469d79855e303a uvc-5632 color-title accent-title-color\" data-hspacer=\"no_spacer\"  data-halign=\"left\" style=\"text-align:left\"><div class=\"uvc-heading-spacer no_spacer\" style=\"top\"><\/div><div class=\"uvc-main-heading ult-responsive\"  data-ultimate-target='.uvc-heading.ultimate-heading-96469d79855e303a h2'  data-responsive-json-new='{\"font-size\":\"desktop:20px;\",\"line-height\":\"desktop:26px;\"}' ><h2 style=\"font-weight:bold;margin-bottom:5px;\">Photovolta\u00efque<\/h2><\/div><div class=\"uvc-sub-heading ult-responsive\"  data-ultimate-target='.uvc-heading.ultimate-heading-96469d79855e303a .uvc-sub-heading '  data-responsive-json-new='{\"font-size\":\"desktop:34px;\",\"line-height\":\"desktop:40px;\"}'  style=\"font-family:&#039;Open Sans Condensed&#039;;font-weight:700;margin-bottom:20px;\">WAIMES<\/div><\/div>[vc_column_text css=&#8221;.vc_custom_1598622174838{padding-bottom: 20px !important;}&#8221;]Courant d\u2019Air a\u00a0aid\u00e9 \u00e0 la mise en place de 4 installations photovolta\u00efques sur les 4 toits des \u00e9coles de la commune de Waimes. Ce projet, effectu\u00e9 avec les 2 autres partenaires du parc \u00e9olien \u00e0 Waimes (<a href=\"https:\/\/www.ecopower.be\/\" target=\"_blank\" rel=\"noopener noreferrer\">Ecopower<\/a>\u00a0et\u00a0<a href=\"https:\/\/www.mobilae-srl.be\/\" target=\"_blank\" rel=\"noopener noreferrer\">Mobilae<\/a>),\u00a0permet une\u00a0<strong>production d\u2019\u00e9lectricit\u00e9 de 80%\u00a0<\/strong>de l\u2019\u00e9nergie consomm\u00e9e par les \u00e9coles. Les 20% restants seront \u00e9conomis\u00e9s gr\u00e2ce aux transformations r\u00e9alis\u00e9es par la commune, ainsi que\u00a0<strong>l\u2019utilisation intelligente<\/strong>\u00a0de l\u2019\u00e9nergie afin que les \u00e9coles puissent agir chacune\u00a0ind\u00e9pendamment.[\/vc_column_text]<div class=\"standard-arrow bullet-top\"><ul>\n<li>4 \u00e9coles communales: Ovifat, Ondenval, Faymonville et Waimes<\/li>\n<li>Couverture de 80% de l&#8217;autoconsommation<\/li>\n<li>24 KW<\/li>\n<\/ul>\n<\/div><style type=\"text\/css\" data-type=\"the7_shortcodes-inline-css\">#default-btn-c186eed9528a962c34abc28012847101.ico-right-side > i {\n  margin-right: 0px;\n  margin-left: 8px;\n}\n#default-btn-c186eed9528a962c34abc28012847101 > i {\n  margin-right: 8px;\n}<\/style><a href=\"http:\/\/www.courantdair.be\/wp\/project\/photovoltaique-waimes\/\" class=\"default-btn-shortcode dt-btn dt-btn-m link-hover-off btn-inline-left  vc_custom_1517996127863\" id=\"default-btn-c186eed9528a962c34abc28012847101\"><span>Lire<\/span><\/a>[\/vc_column][\/vc_row][vc_row equal_height=&#8221;yes&#8221; content_placement=&#8221;middle&#8221; type=&#8221;vc_default&#8221; margin_top=&#8221;10&#8243; margin_bottom=&#8221;25&#8243; css=&#8221;.vc_custom_1490526340467{padding-top: 70px !important;padding-bottom: 20px !important;}&#8221;][vc_column width=&#8221;2\/3&#8243; css=&#8221;.vc_custom_1498750429084{padding-bottom: 50px !important;}&#8221; offset=&#8221;vc_col-lg-offset-0 vc_col-lg-6 vc_col-md-offset-0 vc_col-md-6 vc_col-sm-offset-2 vc_col-xs-12&#8243;]<style type=\"text\/css\" data-type=\"the7_shortcodes-inline-css\">.shortcode-single-image-wrap.shortcode-single-image-9c69dfb5a815e22462aae07e5c9583d2.enable-bg-rollover .rollover i,\n.shortcode-single-image-wrap.shortcode-single-image-9c69dfb5a815e22462aae07e5c9583d2.enable-bg-rollover .rollover-video i {\n  background: -webkit-linear-gradient();\n  background: linear-gradient();\n}\n.shortcode-single-image-wrap.shortcode-single-image-9c69dfb5a815e22462aae07e5c9583d2 .rollover-icon {\n  font-size: 32px;\n  color: #ffffff;\n  min-width: 44px;\n  min-height: 44px;\n  line-height: 44px;\n  border-radius: 100px;\n  border-style: solid;\n  border-width: 0px;\n}\n.dt-icon-bg-on.shortcode-single-image-wrap.shortcode-single-image-9c69dfb5a815e22462aae07e5c9583d2 .rollover-icon {\n  background: rgba(255,255,255,0.3);\n  box-shadow: none;\n}<\/style><div class=\"shortcode-single-image-wrap shortcode-single-image-9c69dfb5a815e22462aae07e5c9583d2 alignnone  enable-bg-rollover dt-icon-bg-off\" style=\"margin-top:0px; margin-bottom:0px; margin-left:0px; margin-right:0px; width:800px;\"><div class=\"shortcode-single-image\"><div class=\"fancy-media-wrap  layzr-bg\" style=\"\"><img decoding=\"async\" class=\"preload-me lazy-load aspect\" src=\"data:image\/svg+xml,%3Csvg%20xmlns%3D&#39;http%3A%2F%2Fwww.w3.org%2F2000%2Fsvg&#39;%20viewBox%3D&#39;0%200%20643%20643&#39;%2F%3E\" data-src=\"https:\/\/www.courantdair.be\/wp\/wp-content\/uploads\/2017\/12\/Welkenraedt-643x643.jpg\" data-srcset=\"https:\/\/www.courantdair.be\/wp\/wp-content\/uploads\/2017\/12\/Welkenraedt-643x643.jpg 643w\" loading=\"eager\" sizes=\"(max-width: 643px) 100vw, 643px\" width=\"643\" height=\"643\"  data-dt-location=\"https:\/\/www.courantdair.be\/wp\/de\/aktivitaeten\/energieproduktion\/welkenraedt\/\" style=\"--ratio: 643 \/ 643;\" alt=\"\" \/><\/div><\/div><\/div>[\/vc_column][vc_column width=&#8221;2\/3&#8243; css=&#8221;.vc_custom_1498750488327{padding-bottom: 50px !important;}&#8221; offset=&#8221;vc_col-lg-offset-0 vc_col-lg-6 vc_col-md-offset-0 vc_col-md-6 vc_col-sm-offset-2 vc_col-xs-12&#8243;]<div id=\"ultimate-heading-249169d79855e3834\" class=\"uvc-heading ult-adjust-bottom-margin ultimate-heading-249169d79855e3834 uvc-6217 color-title accent-title-color\" data-hspacer=\"no_spacer\"  data-halign=\"left\" style=\"text-align:left\"><div class=\"uvc-heading-spacer no_spacer\" style=\"top\"><\/div><div class=\"uvc-main-heading ult-responsive\"  data-ultimate-target='.uvc-heading.ultimate-heading-249169d79855e3834 h2'  data-responsive-json-new='{\"font-size\":\"desktop:20px;\",\"line-height\":\"desktop:26px;\"}' ><h2 style=\"font-weight:bold;margin-bottom:5px;\">Photovolta\u00efque<\/h2><\/div><div class=\"uvc-sub-heading ult-responsive\"  data-ultimate-target='.uvc-heading.ultimate-heading-249169d79855e3834 .uvc-sub-heading '  data-responsive-json-new='{\"font-size\":\"desktop:34px;\",\"line-height\":\"desktop:40px;\"}'  style=\"font-family:&#039;Open Sans Condensed&#039;;font-weight:700;margin-bottom:20px;\">Welkenraedt<\/div><\/div>[vc_column_text css=&#8221;.vc_custom_1517847350154{padding-bottom: 25px !important;}&#8221;]Courant d&#8217;Air participe \u00e0 un projet de production d&#8217;\u00e9nergie renouvelable: une installation photovolta\u00efque de 120 KWc sur les toits du centre sportif de Welkenraedt.[\/vc_column_text]<div class=\"standard-arrow bullet-top\"><ul>\n<li>Cette installation couvrira 30 % du besoin des<br \/>\nb\u00e2timents<\/li>\n<li>120 KW<\/li>\n<\/ul>\n<\/div><style type=\"text\/css\" data-type=\"the7_shortcodes-inline-css\">#default-btn-1b62067236351a120520f9114b8dead0.ico-right-side > i {\n  margin-right: 0px;\n  margin-left: 8px;\n}\n#default-btn-1b62067236351a120520f9114b8dead0 > i {\n  margin-right: 8px;\n}<\/style><a href=\"http:\/\/www.courantdair.be\/wp\/project\/photovoltaique-welkenraedt\/\" class=\"default-btn-shortcode dt-btn dt-btn-m link-hover-off btn-inline-left \" id=\"default-btn-1b62067236351a120520f9114b8dead0\"><span>Lire<\/span><\/a>[\/vc_column][\/vc_row][vc_row type=&#8221;1&#8243; bg_color=&#8221;rgba(129,215,66,0.2)&#8221; css=&#8221;.vc_custom_1583143328521{background-color: #aed69a !important;}&#8221;][vc_column][vc_basic_grid post_type=&#8221;dt_portfolio&#8221; max_items=&#8221;10&#8243; show_filter=&#8221;yes&#8221; element_width=&#8221;3&#8243; gap=&#8221;10&#8243; orderby=&#8221;modified&#8221; grid_id=&#8221;vc_gid:1764154160085-5a48eed6-3624-3&#8243; filter_source=&#8221;dt_portfolio_category&#8221; taxonomies=&#8221;300&#8243;][\/vc_column][\/vc_row]<\/p>\n<\/div>","protected":false},"excerpt":{"rendered":"<p>[vc_row equal_height=&#8221;yes&#8221; content_placement=&#8221;middle&#8221; type=&#8221;vc_default&#8221; margin_top=&#8221;10&#8243; margin_bottom=&#8221;25&#8243; css=&#8221;.vc_custom_1490526340467{padding-top: 70px !important;padding-bottom: 20px !important;}&#8221;][vc_column width=&#8221;2\/3&#8243; css=&#8221;.vc_custom_1498750429084{padding-bottom: 50px !important;}&#8221; offset=&#8221;vc_col-lg-offset-0 vc_col-lg-6 vc_col-md-offset-0 vc_col-md-6 vc_col-sm-offset-2 vc_col-xs-12&#8243;][\/vc_column][vc_column width=&#8221;2\/3&#8243; css=&#8221;.vc_custom_1498750488327{padding-bottom: 50px !important;}&#8221; offset=&#8221;vc_col-lg-offset-0 vc_col-lg-6 vc_col-md-offset-0 vc_col-md-6 vc_col-sm-offset-2 vc_col-xs-12&#8243;][vc_column_text css=&#8221;.vc_custom_1517846397081{padding-bottom: 20px !important;}&#8221;]Sur les hauteurs de \u201eCh\u00eevremont\u201c au sud-ouest du village Waimes se trouvent 5 \u00e9oliennes avec une capacit\u00e9 de 2.3 MW chacune. Le&hellip;<\/p>\n","protected":false},"author":2,"featured_media":0,"parent":8856,"menu_order":0,"comment_status":"closed","ping_status":"closed","template":"","meta":{"footnotes":""},"categories":[],"tags":[],"class_list":["post-8858","page","type-page","status-publish","hentry","description-off"],"_links":{"self":[{"href":"https:\/\/www.courantdair.be\/wp\/wp-json\/wp\/v2\/pages\/8858","targetHints":{"allow":["GET"]}}],"collection":[{"href":"https:\/\/www.courantdair.be\/wp\/wp-json\/wp\/v2\/pages"}],"about":[{"href":"https:\/\/www.courantdair.be\/wp\/wp-json\/wp\/v2\/types\/page"}],"author":[{"embeddable":true,"href":"https:\/\/www.courantdair.be\/wp\/wp-json\/wp\/v2\/users\/2"}],"replies":[{"embeddable":true,"href":"https:\/\/www.courantdair.be\/wp\/wp-json\/wp\/v2\/comments?post=8858"}],"version-history":[{"count":20,"href":"https:\/\/www.courantdair.be\/wp\/wp-json\/wp\/v2\/pages\/8858\/revisions"}],"predecessor-version":[{"id":14165,"href":"https:\/\/www.courantdair.be\/wp\/wp-json\/wp\/v2\/pages\/8858\/revisions\/14165"}],"up":[{"embeddable":true,"href":"https:\/\/www.courantdair.be\/wp\/wp-json\/wp\/v2\/pages\/8856"}],"wp:attachment":[{"href":"https:\/\/www.courantdair.be\/wp\/wp-json\/wp\/v2\/media?parent=8858"}],"wp:term":[{"taxonomy":"category","embeddable":true,"href":"https:\/\/www.courantdair.be\/wp\/wp-json\/wp\/v2\/categories?post=8858"},{"taxonomy":"post_tag","embeddable":true,"href":"https:\/\/www.courantdair.be\/wp\/wp-json\/wp\/v2\/tags?post=8858"}],"curies":[{"name":"wp","href":"https:\/\/api.w.org\/{rel}","templated":true}]}}