{"id":8864,"date":"2018-02-05T17:28:45","date_gmt":"2018-02-05T16:28:45","guid":{"rendered":"http:\/\/www.courantdair.be\/wp\/?page_id=8864"},"modified":"2020-01-21T12:31:55","modified_gmt":"2020-01-21T11:31:55","slug":"mobilite","status":"publish","type":"page","link":"https:\/\/www.courantdair.be\/wp\/activites\/mobilite\/","title":{"rendered":"Mobilit\u00e9"},"content":{"rendered":"<div class=\"wpb-content-wrapper\"><p>[vc_row equal_height=&#8221;yes&#8221; content_placement=&#8221;middle&#8221; bg_type=&#8221;bg_color&#8221; bg_override=&#8221;ex-full&#8221; type=&#8221;vc_default&#8221; margin_top=&#8221;10&#8243; margin_bottom=&#8221;25&#8243; css=&#8221;.vc_custom_1498753023892{padding-top: 70px !important;padding-bottom: 20px !important;}&#8221; bg_color_value=&#8221;#f5f5f5&#8243;][vc_column width=&#8221;2\/3&#8243; css=&#8221;.vc_custom_1498750429084{padding-bottom: 50px !important;}&#8221; offset=&#8221;vc_col-lg-offset-0 vc_col-lg-6 vc_col-md-offset-0 vc_col-md-6 vc_col-sm-offset-2 vc_col-xs-12&#8243;]<style type=\"text\/css\" data-type=\"the7_shortcodes-inline-css\">.shortcode-single-image-wrap.shortcode-single-image-837678bb22498c618b75e0bd222ac8ff.enable-bg-rollover .rollover i,\n.shortcode-single-image-wrap.shortcode-single-image-837678bb22498c618b75e0bd222ac8ff.enable-bg-rollover .rollover-video i {\n  background: -webkit-linear-gradient();\n  background: linear-gradient();\n}\n.shortcode-single-image-wrap.shortcode-single-image-837678bb22498c618b75e0bd222ac8ff .rollover-icon {\n  font-size: 32px;\n  color: #ffffff;\n  min-width: 44px;\n  min-height: 44px;\n  line-height: 44px;\n  border-radius: 100px;\n  border-style: solid;\n  border-width: 0px;\n}\n.dt-icon-bg-on.shortcode-single-image-wrap.shortcode-single-image-837678bb22498c618b75e0bd222ac8ff .rollover-icon {\n  background: rgba(255,255,255,0.3);\n  box-shadow: none;\n}<\/style><div class=\"shortcode-single-image-wrap shortcode-single-image-837678bb22498c618b75e0bd222ac8ff alignnone  enable-bg-rollover dt-icon-bg-off\" style=\"margin-top:0px; margin-bottom:0px; margin-left:0px; margin-right:0px; width:800px;\"><div class=\"shortcode-single-image\"><div class=\"fancy-media-wrap  layzr-bg\" style=\"\"><img fetchpriority=\"high\" decoding=\"async\" class=\"preload-me lazy-load aspect\" src=\"data:image\/svg+xml,%3Csvg%20xmlns%3D&#39;http%3A%2F%2Fwww.w3.org%2F2000%2Fsvg&#39;%20viewBox%3D&#39;0%200%20800%20800&#39;%2F%3E\" data-src=\"https:\/\/www.courantdair.be\/wp\/wp-content\/uploads\/2017\/12\/Stadtauto.jpg\" data-srcset=\"https:\/\/www.courantdair.be\/wp\/wp-content\/uploads\/2017\/12\/Stadtauto.jpg 800w\" loading=\"eager\" sizes=\"(max-width: 800px) 100vw, 800px\" width=\"800\" height=\"800\"  data-dt-location=\"https:\/\/www.courantdair.be\/wp\/de\/aktivitaeten\/sensibilisierungen-und-informationen\/stadtauto\/\" style=\"--ratio: 800 \/ 800;\" alt=\"\" \/><\/div><\/div><\/div>[\/vc_column][vc_column width=&#8221;2\/3&#8243; css=&#8221;.vc_custom_1498750488327{padding-bottom: 50px !important;}&#8221; offset=&#8221;vc_col-lg-offset-0 vc_col-lg-6 vc_col-md-offset-0 vc_col-md-6 vc_col-sm-offset-2 vc_col-xs-12&#8243;]<div id=\"ultimate-heading-452369d797f1af823\" class=\"uvc-heading ult-adjust-bottom-margin ultimate-heading-452369d797f1af823 uvc-7917 color-title accent-title-color\" data-hspacer=\"no_spacer\"  data-halign=\"left\" style=\"text-align:left\"><div class=\"uvc-heading-spacer no_spacer\" style=\"top\"><\/div><div class=\"uvc-main-heading ult-responsive\"  data-ultimate-target='.uvc-heading.ultimate-heading-452369d797f1af823 h2'  data-responsive-json-new='{\"font-size\":\"desktop:20px;\",\"line-height\":\"desktop:26px;\"}' ><h2 style=\"font-weight:bold;margin-bottom:5px;\">Voiture partag\u00e9e<\/h2><\/div><div class=\"uvc-sub-heading ult-responsive\"  data-ultimate-target='.uvc-heading.ultimate-heading-452369d797f1af823 .uvc-sub-heading '  data-responsive-json-new='{\"font-size\":\"desktop:34px;\",\"line-height\":\"desktop:40px;\"}'  style=\"font-family:&#039;Open Sans Condensed&#039;;font-weight:700;margin-bottom:20px;\">SAINT VITH<\/div><\/div>[vc_column_text css=&#8221;.vc_custom_1517998821957{padding-bottom: 20px !important;}&#8221;]En partenariat avec la Centrale de Covoiturage \u00ab\u00a0Fahrmit ASBL\u00a0\u00bb, Courant d\u2019Air met \u00e0 disposition une voiture \u00e9lectrique depuis juin 2017. L\u2019id\u00e9e\u00a0: Offrir aux citoyens int\u00e9ress\u00e9s une possibilit\u00e9 de mobilit\u00e9 alternative en louant la voiture. La voiture a un parking r\u00e9serv\u00e9 au \u00ab\u00a0B\u00fcchelturm\u00a0\u00bb \u00e0 Saint Vith, juste \u00e0 c\u00f4t\u00e9 de la borne de recharge d\u2019ORES (22kW), qui permet \u00e0 la batterie de la voiture d\u2019\u00eatre recharg\u00e9e \u00e0 80 % de sa capacit\u00e9 en 1 heure de temps.[\/vc_column_text]<style type=\"text\/css\" data-type=\"the7_shortcodes-inline-css\">#default-btn-ac3375dc8a7548055e0eb39c78d2883d.ico-right-side > i {\n  margin-right: 0px;\n  margin-left: 8px;\n}\n#default-btn-ac3375dc8a7548055e0eb39c78d2883d > i {\n  margin-right: 8px;\n}<\/style><a href=\"http:\/\/www.courantdair.be\/wp\/movith-voiture-electrique\/\" class=\"default-btn-shortcode dt-btn dt-btn-m link-hover-off btn-inline-left  vc_custom_1517998563801\" id=\"default-btn-ac3375dc8a7548055e0eb39c78d2883d\"><span>Lire<\/span><\/a>[\/vc_column][\/vc_row]<\/p>\n<\/div>","protected":false},"excerpt":{"rendered":"<p>[vc_row equal_height=&#8221;yes&#8221; content_placement=&#8221;middle&#8221; bg_type=&#8221;bg_color&#8221; bg_override=&#8221;ex-full&#8221; type=&#8221;vc_default&#8221; margin_top=&#8221;10&#8243; margin_bottom=&#8221;25&#8243; css=&#8221;.vc_custom_1498753023892{padding-top: 70px !important;padding-bottom: 20px !important;}&#8221; bg_color_value=&#8221;#f5f5f5&#8243;][vc_column width=&#8221;2\/3&#8243; css=&#8221;.vc_custom_1498750429084{padding-bottom: 50px !important;}&#8221; offset=&#8221;vc_col-lg-offset-0 vc_col-lg-6 vc_col-md-offset-0 vc_col-md-6 vc_col-sm-offset-2 vc_col-xs-12&#8243;][\/vc_column][vc_column width=&#8221;2\/3&#8243; css=&#8221;.vc_custom_1498750488327{padding-bottom: 50px !important;}&#8221; offset=&#8221;vc_col-lg-offset-0 vc_col-lg-6 vc_col-md-offset-0 vc_col-md-6 vc_col-sm-offset-2 vc_col-xs-12&#8243;][vc_column_text css=&#8221;.vc_custom_1517998821957{padding-bottom: 20px !important;}&#8221;]En partenariat avec la Centrale de Covoiturage \u00ab\u00a0Fahrmit ASBL\u00a0\u00bb, Courant d\u2019Air met \u00e0 disposition une voiture \u00e9lectrique depuis juin&hellip;<\/p>\n","protected":false},"author":2,"featured_media":0,"parent":8856,"menu_order":0,"comment_status":"closed","ping_status":"closed","template":"","meta":{"footnotes":""},"categories":[],"tags":[],"class_list":["post-8864","page","type-page","status-publish","hentry","description-off"],"_links":{"self":[{"href":"https:\/\/www.courantdair.be\/wp\/wp-json\/wp\/v2\/pages\/8864","targetHints":{"allow":["GET"]}}],"collection":[{"href":"https:\/\/www.courantdair.be\/wp\/wp-json\/wp\/v2\/pages"}],"about":[{"href":"https:\/\/www.courantdair.be\/wp\/wp-json\/wp\/v2\/types\/page"}],"author":[{"embeddable":true,"href":"https:\/\/www.courantdair.be\/wp\/wp-json\/wp\/v2\/users\/2"}],"replies":[{"embeddable":true,"href":"https:\/\/www.courantdair.be\/wp\/wp-json\/wp\/v2\/comments?post=8864"}],"version-history":[{"count":3,"href":"https:\/\/www.courantdair.be\/wp\/wp-json\/wp\/v2\/pages\/8864\/revisions"}],"predecessor-version":[{"id":9032,"href":"https:\/\/www.courantdair.be\/wp\/wp-json\/wp\/v2\/pages\/8864\/revisions\/9032"}],"up":[{"embeddable":true,"href":"https:\/\/www.courantdair.be\/wp\/wp-json\/wp\/v2\/pages\/8856"}],"wp:attachment":[{"href":"https:\/\/www.courantdair.be\/wp\/wp-json\/wp\/v2\/media?parent=8864"}],"wp:term":[{"taxonomy":"category","embeddable":true,"href":"https:\/\/www.courantdair.be\/wp\/wp-json\/wp\/v2\/categories?post=8864"},{"taxonomy":"post_tag","embeddable":true,"href":"https:\/\/www.courantdair.be\/wp\/wp-json\/wp\/v2\/tags?post=8864"}],"curies":[{"name":"wp","href":"https:\/\/api.w.org\/{rel}","templated":true}]}}